{"id":82,"date":"2023-02-02T02:52:22","date_gmt":"2023-02-02T01:52:22","guid":{"rendered":"http:\/\/toutuncinemer.fr\/?page_id=82"},"modified":"2023-08-28T14:23:16","modified_gmt":"2023-08-28T12:23:16","slug":"nos-fournisseurs","status":"publish","type":"page","link":"https:\/\/toutuncinemer.fr\/?page_id=82","title":{"rendered":"Nos fournisseurs"},"content":{"rendered":"\n<p>C\u00f4t\u00e9 petits-d\u00e9jeuners<\/p>\n\n\n\n<p>Nos th\u00e9s viennent de l&#8217;\u00e9picerie fine des Halles Vauban de Perpignan.<\/p>\n\n\n\n<p>Le pain et les viennoiseries de chez C\u00e9sar et Pollux (boulangerie artisanale) \u00e0 Saleilles.<\/p>\n\n\n\n<p>Les confitures sont faites maison avec des fruits du Roussillon ou du Tarn (o\u00f9 vit le Papa de Cendrine).<\/p>\n\n\n\n<p>Les yaourts sont faits maison avec du lait entier.<\/p>\n\n\n\n<p>La charcuterie et les fromages viennent du march\u00e9 d&#8217;Elne (qui a lieu tous les vendredis matin).<\/p>\n\n\n\n<p>Le jus d&#8217;orange est fait l&#8217;hiver avec les oranges de notre verger, l&#8217;\u00e9t\u00e9 ce sera un jus d&#8217;orange Bio.<\/p>\n\n\n\n<p><\/p>\n\n\n\n<p>Autres<\/p>\n\n\n\n<p>Le gel mains corps et cheveux est bio.<\/p>\n\n\n\n<p>Les corbeilles et distributeurs de mouchoirs dans les salles de bain ont \u00e9t\u00e9 r\u00e9alis\u00e9s sur commande par Sophie Palotis, auto-entrepreuse d&#8217;Elne (pr\u00e9sente sur le march\u00e9 d&#8217;Elne tous les vendredis).<\/p>\n\n\n\n<p>Les foutas \u00e0 disposition dans un panier pour la plage viennent de chez Les Foutas de Zaza (march\u00e9 de Saint-Cyprien tous les vendredis). www.lesfoutasdezaza.com<\/p>\n\n\n\n<p>Les lits et sommiers proviennent de chez Grand Litier et sont neufs.<\/p>\n\n\n\n<p>Le linge de maison vient Du Beau Linge qui offre une seconde vie au linge h\u00f4telier. www.dubeaulinge.fr<\/p>\n\n\n\n<p>Les porte-clefs des suites ont \u00e9t\u00e9 r\u00e9alis\u00e9s par creadecorbois.<\/p>\n\n\n\n<p>Quant \u00e0 la d\u00e9coration, beaucoup d&#8217;objets ont une histoire &#8230; D&#8217;autres ont \u00e9t\u00e9 chin\u00e9s dans des brocantes ou chez des particuliers.<\/p>\n","protected":false},"excerpt":{"rendered":"<p>C\u00f4t\u00e9 petits-d\u00e9jeuners Nos th\u00e9s viennent de l&#8217;\u00e9picerie fine des Halles Vauban de Perpignan. Le pain et les viennoiseries de chez C\u00e9sar et Pollux (boulangerie artisanale) \u00e0 Saleilles. Les confitures sont faites maison avec des fruits du Roussillon ou du Tarn (o\u00f9 vit le Papa de Cendrine). Les yaourts sont faits maison avec du lait entier. &hellip; <\/p>\n<p class=\"link-more\"><a href=\"https:\/\/toutuncinemer.fr\/?page_id=82\" class=\"more-link\">Continue reading<span class=\"screen-reader-text\"> &#8220;Nos fournisseurs&#8221;<\/span><\/a><\/p>\n","protected":false},"author":1,"featured_media":0,"parent":0,"menu_order":0,"comment_status":"closed","ping_status":"closed","template":"","meta":{"footnotes":""},"class_list":["post-82","page","type-page","status-publish","hentry"],"_links":{"self":[{"href":"https:\/\/toutuncinemer.fr\/index.php?rest_route=\/wp\/v2\/pages\/82","targetHints":{"allow":["GET"]}}],"collection":[{"href":"https:\/\/toutuncinemer.fr\/index.php?rest_route=\/wp\/v2\/pages"}],"about":[{"href":"https:\/\/toutuncinemer.fr\/index.php?rest_route=\/wp\/v2\/types\/page"}],"author":[{"embeddable":true,"href":"https:\/\/toutuncinemer.fr\/index.php?rest_route=\/wp\/v2\/users\/1"}],"replies":[{"embeddable":true,"href":"https:\/\/toutuncinemer.fr\/index.php?rest_route=%2Fwp%2Fv2%2Fcomments&post=82"}],"version-history":[{"count":5,"href":"https:\/\/toutuncinemer.fr\/index.php?rest_route=\/wp\/v2\/pages\/82\/revisions"}],"predecessor-version":[{"id":326,"href":"https:\/\/toutuncinemer.fr\/index.php?rest_route=\/wp\/v2\/pages\/82\/revisions\/326"}],"wp:attachment":[{"href":"https:\/\/toutuncinemer.fr\/index.php?rest_route=%2Fwp%2Fv2%2Fmedia&parent=82"}],"curies":[{"name":"wp","href":"https:\/\/api.w.org\/{rel}","templated":true}]}}