{"id":80,"date":"2023-02-02T02:51:43","date_gmt":"2023-02-02T01:51:43","guid":{"rendered":"http:\/\/toutuncinemer.fr\/?page_id=80"},"modified":"2023-07-09T12:19:09","modified_gmt":"2023-07-09T10:19:09","slug":"nos-petits-dejeuners","status":"publish","type":"page","link":"https:\/\/toutuncinemer.fr\/?page_id=80","title":{"rendered":"Nos petits d\u00e9jeuners"},"content":{"rendered":"\n<p>(servis \u00e0 partir de 8 h \u00e0 10 h)<\/p>\n\n\n\n<p>Jus de fruit press\u00e9 (oranges de notre jardin selon saison)<\/p>\n\n\n\n<p>Boisson chaude (Th\u00e9, caf\u00e9, chocolat)<\/p>\n\n\n\n<p>Viennoiseries<\/p>\n\n\n\n<p>Pain<\/p>\n\n\n\n<p>Beurre<\/p>\n\n\n\n<p>Confitures maison<\/p>\n\n\n\n<p>Yaourts maison<\/p>\n\n\n\n<p>G\u00e2teau maison<\/p>\n\n\n\n<p>Charcuteries et fromages locaux<\/p>\n","protected":false},"excerpt":{"rendered":"<p>(servis \u00e0 partir de 8 h \u00e0 10 h) Jus de fruit press\u00e9 (oranges de notre jardin selon saison) Boisson chaude (Th\u00e9, caf\u00e9, chocolat) Viennoiseries Pain Beurre Confitures maison Yaourts maison G\u00e2teau maison Charcuteries et fromages locaux<\/p>\n","protected":false},"author":1,"featured_media":0,"parent":0,"menu_order":0,"comment_status":"closed","ping_status":"closed","template":"","meta":{"footnotes":""},"class_list":["post-80","page","type-page","status-publish","hentry"],"_links":{"self":[{"href":"https:\/\/toutuncinemer.fr\/index.php?rest_route=\/wp\/v2\/pages\/80","targetHints":{"allow":["GET"]}}],"collection":[{"href":"https:\/\/toutuncinemer.fr\/index.php?rest_route=\/wp\/v2\/pages"}],"about":[{"href":"https:\/\/toutuncinemer.fr\/index.php?rest_route=\/wp\/v2\/types\/page"}],"author":[{"embeddable":true,"href":"https:\/\/toutuncinemer.fr\/index.php?rest_route=\/wp\/v2\/users\/1"}],"replies":[{"embeddable":true,"href":"https:\/\/toutuncinemer.fr\/index.php?rest_route=%2Fwp%2Fv2%2Fcomments&post=80"}],"version-history":[{"count":3,"href":"https:\/\/toutuncinemer.fr\/index.php?rest_route=\/wp\/v2\/pages\/80\/revisions"}],"predecessor-version":[{"id":170,"href":"https:\/\/toutuncinemer.fr\/index.php?rest_route=\/wp\/v2\/pages\/80\/revisions\/170"}],"wp:attachment":[{"href":"https:\/\/toutuncinemer.fr\/index.php?rest_route=%2Fwp%2Fv2%2Fmedia&parent=80"}],"curies":[{"name":"wp","href":"https:\/\/api.w.org\/{rel}","templated":true}]}}