{"id":75,"date":"2023-02-02T02:49:59","date_gmt":"2023-02-02T01:49:59","guid":{"rendered":"http:\/\/toutuncinemer.fr\/?page_id=75"},"modified":"2024-01-19T15:55:51","modified_gmt":"2024-01-19T14:55:51","slug":"suites-pedro-almodovar","status":"publish","type":"page","link":"https:\/\/toutuncinemer.fr\/?page_id=75","title":{"rendered":"Suite Pedro Almodovar"},"content":{"rendered":"\t\t<div data-elementor-type=\"wp-page\" data-elementor-id=\"75\" class=\"elementor elementor-75\">\n\t\t\t\t\t\t<section class=\"elementor-section elementor-top-section elementor-element elementor-element-508113e1 elementor-section-boxed elementor-section-height-default elementor-section-height-default\" data-id=\"508113e1\" data-element_type=\"section\">\n\t\t\t\t\t\t<div class=\"elementor-container elementor-column-gap-default\">\n\t\t\t\t\t<div class=\"elementor-column elementor-col-100 elementor-top-column elementor-element elementor-element-674eee27\" data-id=\"674eee27\" data-element_type=\"column\">\n\t\t\t<div class=\"elementor-widget-wrap elementor-element-populated\">\n\t\t\t\t\t\t<div class=\"elementor-element elementor-element-1ada3229 elementor-widget elementor-widget-text-editor\" data-id=\"1ada3229\" data-element_type=\"widget\" data-widget_type=\"text-editor.default\">\n\t\t\t\t<div class=\"elementor-widget-container\">\n\t\t\t\t\t\t\t<!-- wp:paragraph -->\n<p>Venez d\u00e9couvrir au creux de 34 m2 l\u2019univers chaud et color\u00e9 de ce cin\u00e9aste,<br>r\u00e9solument amoureux de l\u2019amour sous toutes ses formes et des femmes.<br>Cherchez ces petits d\u00e9tails dans notre d\u00e9coration, clins d\u2019\u0153il \u00e0 ses films \u2026<br>Dans la biblioth\u00e8que, \u00e0 votre disposition, livres et films consacr\u00e9s \u00e0 son cin\u00e9ma<br>et \u00e0 ses actrices\/acteurs.<br>Enfin, sur votre petite terrasse privative, osez prendre place dans le fauteuil de<br>votre choix&nbsp;: Penelope (Cruz) ou Antonio (Banderas) et faites-vous tout un cin\u00e9 \u2026<br>mer \u2026<\/p>\n<!-- \/wp:paragraph -->\n\n<!-- wp:paragraph -->\n<p>COTE CHAMBRE<br>Lit Kingsize 160 x 200<br>Petit coin salon&nbsp;: 2 fauteuils autour d\u2019une table basse<br>Coiffeuse<br>D\u00e9pose bagages<br>Triple placard penderie<\/p>\n<!-- \/wp:paragraph -->\n\n<!-- wp:paragraph -->\n<p>COTE SALLE DE BAIN<br>Linge de toilette fourni&nbsp;:<br>2 draps de bain<br>2 draps de douche<br>2 gants de toilette<br>1 tapis de bain<br>Gel mains, corps et cheveux Bio<\/p>\n<!-- \/wp:paragraph -->\n\n<!-- wp:paragraph -->\n<p>S\u00e8che-cheveux<\/p>\n<!-- \/wp:paragraph -->\n\n<!-- wp:paragraph -->\n<p>COTE TERRASSE<br>1 table basse et ses 2 fauteuils<\/p>\n<!-- \/wp:paragraph -->\n\n<!-- wp:paragraph -->\n<p>LES PETITS PLUS<br>2 serviettes de couleur pour l\u2019usage de la piscine<br>1 sac de plage contenant 2 foutas<\/p>\n<!-- \/wp:paragraph -->\n\n<!-- wp:paragraph -->\n<p>T\u00e9l\u00e9vision et lecteur DVD<\/p>\n<!-- \/wp:paragraph -->\n\n<!-- wp:gallery {\"linkTo\":\"none\"} -->\n<figure class=\"wp-block-gallery has-nested-images columns-default is-cropped\"><!-- wp:image {\"id\":198,\"sizeSlug\":\"large\",\"linkDestination\":\"none\"} -->\n<figure class=\"wp-block-image size-large\"><img fetchpriority=\"high\" decoding=\"async\" width=\"1024\" height=\"768\" src=\"https:\/\/toutuncinemer.fr\/wp-content\/uploads\/2023\/08\/20230803_102607-1024x768.png\" alt=\"\" class=\"wp-image-198\" srcset=\"https:\/\/toutuncinemer.fr\/wp-content\/uploads\/2023\/08\/20230803_102607-1024x768.png 1024w, https:\/\/toutuncinemer.fr\/wp-content\/uploads\/2023\/08\/20230803_102607-300x225.png 300w, https:\/\/toutuncinemer.fr\/wp-content\/uploads\/2023\/08\/20230803_102607-768x576.png 768w, https:\/\/toutuncinemer.fr\/wp-content\/uploads\/2023\/08\/20230803_102607.png 1280w\" sizes=\"(max-width: 706px) 89vw, (max-width: 767px) 82vw, 740px\" \/><\/figure>\n<!-- \/wp:image -->\n\n<!-- wp:image {\"id\":197,\"sizeSlug\":\"large\",\"linkDestination\":\"none\"} -->\n<figure class=\"wp-block-image size-large\"><img decoding=\"async\" width=\"1024\" height=\"768\" src=\"https:\/\/toutuncinemer.fr\/wp-content\/uploads\/2023\/08\/20230803_102706-1024x768.png\" alt=\"\" class=\"wp-image-197\" srcset=\"https:\/\/toutuncinemer.fr\/wp-content\/uploads\/2023\/08\/20230803_102706-1024x768.png 1024w, https:\/\/toutuncinemer.fr\/wp-content\/uploads\/2023\/08\/20230803_102706-300x225.png 300w, https:\/\/toutuncinemer.fr\/wp-content\/uploads\/2023\/08\/20230803_102706-768x576.png 768w, https:\/\/toutuncinemer.fr\/wp-content\/uploads\/2023\/08\/20230803_102706.png 1280w\" sizes=\"(max-width: 706px) 89vw, (max-width: 767px) 82vw, 740px\" \/><\/figure>\n<!-- \/wp:image -->\n\n<!-- wp:image {\"id\":196,\"sizeSlug\":\"large\",\"linkDestination\":\"none\"} -->\n<figure class=\"wp-block-image size-large\"><img decoding=\"async\" width=\"1024\" height=\"768\" src=\"https:\/\/toutuncinemer.fr\/wp-content\/uploads\/2023\/08\/20230803_103122-1024x768.png\" alt=\"\" class=\"wp-image-196\" srcset=\"https:\/\/toutuncinemer.fr\/wp-content\/uploads\/2023\/08\/20230803_103122-1024x768.png 1024w, https:\/\/toutuncinemer.fr\/wp-content\/uploads\/2023\/08\/20230803_103122-300x225.png 300w, https:\/\/toutuncinemer.fr\/wp-content\/uploads\/2023\/08\/20230803_103122-768x576.png 768w, https:\/\/toutuncinemer.fr\/wp-content\/uploads\/2023\/08\/20230803_103122.png 1280w\" sizes=\"(max-width: 706px) 89vw, (max-width: 767px) 82vw, 740px\" \/><\/figure>\n<!-- \/wp:image -->\n\n<!-- wp:image {\"id\":199,\"sizeSlug\":\"large\",\"linkDestination\":\"none\"} -->\n<figure class=\"wp-block-image size-large\"><img loading=\"lazy\" decoding=\"async\" width=\"768\" height=\"1024\" src=\"https:\/\/toutuncinemer.fr\/wp-content\/uploads\/2023\/08\/20230805_113139-768x1024.jpg\" alt=\"\" class=\"wp-image-199\" srcset=\"https:\/\/toutuncinemer.fr\/wp-content\/uploads\/2023\/08\/20230805_113139-768x1024.jpg 768w, https:\/\/toutuncinemer.fr\/wp-content\/uploads\/2023\/08\/20230805_113139-225x300.jpg 225w, https:\/\/toutuncinemer.fr\/wp-content\/uploads\/2023\/08\/20230805_113139-1152x1536.jpg 1152w, https:\/\/toutuncinemer.fr\/wp-content\/uploads\/2023\/08\/20230805_113139-1536x2048.jpg 1536w, https:\/\/toutuncinemer.fr\/wp-content\/uploads\/2023\/08\/20230805_113139-scaled.jpg 1920w\" sizes=\"(max-width: 706px) 89vw, (max-width: 767px) 82vw, 740px\" \/><\/figure>\n<!-- \/wp:image -->\n\n<!-- wp:image {\"id\":203,\"sizeSlug\":\"large\",\"linkDestination\":\"none\"} -->\n<figure class=\"wp-block-image size-large\"><img loading=\"lazy\" decoding=\"async\" width=\"768\" height=\"1024\" src=\"https:\/\/toutuncinemer.fr\/wp-content\/uploads\/2023\/08\/20230805_114216-1-768x1024.jpg\" alt=\"\" class=\"wp-image-203\" srcset=\"https:\/\/toutuncinemer.fr\/wp-content\/uploads\/2023\/08\/20230805_114216-1-768x1024.jpg 768w, https:\/\/toutuncinemer.fr\/wp-content\/uploads\/2023\/08\/20230805_114216-1-225x300.jpg 225w, https:\/\/toutuncinemer.fr\/wp-content\/uploads\/2023\/08\/20230805_114216-1-1152x1536.jpg 1152w, https:\/\/toutuncinemer.fr\/wp-content\/uploads\/2023\/08\/20230805_114216-1-1536x2048.jpg 1536w, https:\/\/toutuncinemer.fr\/wp-content\/uploads\/2023\/08\/20230805_114216-1-scaled.jpg 1920w\" sizes=\"(max-width: 706px) 89vw, (max-width: 767px) 82vw, 740px\" \/><\/figure>\n<!-- \/wp:image -->\n\n<!-- wp:image {\"id\":201,\"sizeSlug\":\"large\",\"linkDestination\":\"none\"} -->\n<figure class=\"wp-block-image size-large\"><img loading=\"lazy\" decoding=\"async\" width=\"768\" height=\"1024\" src=\"https:\/\/toutuncinemer.fr\/wp-content\/uploads\/2023\/08\/20230805_114303-768x1024.jpg\" alt=\"\" class=\"wp-image-201\" srcset=\"https:\/\/toutuncinemer.fr\/wp-content\/uploads\/2023\/08\/20230805_114303-768x1024.jpg 768w, https:\/\/toutuncinemer.fr\/wp-content\/uploads\/2023\/08\/20230805_114303-225x300.jpg 225w, https:\/\/toutuncinemer.fr\/wp-content\/uploads\/2023\/08\/20230805_114303-1152x1536.jpg 1152w, https:\/\/toutuncinemer.fr\/wp-content\/uploads\/2023\/08\/20230805_114303-1536x2048.jpg 1536w, https:\/\/toutuncinemer.fr\/wp-content\/uploads\/2023\/08\/20230805_114303-scaled.jpg 1920w\" sizes=\"(max-width: 706px) 89vw, (max-width: 767px) 82vw, 740px\" \/><\/figure>\n<!-- \/wp:image --><\/figure>\n<!-- \/wp:gallery -->\t\t\t\t\t\t<\/div>\n\t\t\t\t<\/div>\n\t\t\t\t\t<\/div>\n\t\t<\/div>\n\t\t\t\t\t<\/div>\n\t\t<\/section>\n\t\t\t\t<section class=\"elementor-section elementor-top-section elementor-element elementor-element-81284dd elementor-section-boxed elementor-section-height-default elementor-section-height-default\" data-id=\"81284dd\" data-element_type=\"section\">\n\t\t\t\t\t\t<div class=\"elementor-container elementor-column-gap-default\">\n\t\t\t\t\t<div class=\"elementor-column elementor-col-100 elementor-top-column elementor-element elementor-element-8670add\" data-id=\"8670add\" data-element_type=\"column\">\n\t\t\t<div class=\"elementor-widget-wrap elementor-element-populated\">\n\t\t\t\t\t\t<div class=\"elementor-element elementor-element-4df324d elementor-widget elementor-widget-video\" data-id=\"4df324d\" data-element_type=\"widget\" data-settings=\"{&quot;video_type&quot;:&quot;hosted&quot;,&quot;controls&quot;:&quot;yes&quot;}\" data-widget_type=\"video.default\">\n\t\t\t\t<div class=\"elementor-widget-container\">\n\t\t\t\t\t<div class=\"e-hosted-video elementor-wrapper elementor-open-inline\">\n\t\t\t\t\t<video class=\"elementor-video\" src=\"http:\/\/toutuncinemer.fr\/wp-content\/uploads\/2024\/01\/VID-20230901-WA0003-1.mp4\" controls=\"\" preload=\"metadata\" controlsList=\"nodownload\"><\/video>\n\t\t\t\t<\/div>\n\t\t\t\t<\/div>\n\t\t\t\t<\/div>\n\t\t\t\t\t<\/div>\n\t\t<\/div>\n\t\t\t\t\t<\/div>\n\t\t<\/section>\n\t\t\t\t<\/div>\n\t\t","protected":false},"excerpt":{"rendered":"<p>Venez d\u00e9couvrir au creux de 34 m2 l\u2019univers chaud et color\u00e9 de ce cin\u00e9aste,r\u00e9solument amoureux de l\u2019amour sous toutes ses formes et des femmes.Cherchez ces petits d\u00e9tails dans notre d\u00e9coration, clins d\u2019\u0153il \u00e0 ses films \u2026Dans la biblioth\u00e8que, \u00e0 votre disposition, livres et films consacr\u00e9s \u00e0 son cin\u00e9maet \u00e0 ses actrices\/acteurs.Enfin, sur votre petite terrasse &hellip; <\/p>\n<p class=\"link-more\"><a href=\"https:\/\/toutuncinemer.fr\/?page_id=75\" class=\"more-link\">Continue reading<span class=\"screen-reader-text\"> &#8220;Suite Pedro Almodovar&#8221;<\/span><\/a><\/p>\n","protected":false},"author":1,"featured_media":0,"parent":0,"menu_order":0,"comment_status":"closed","ping_status":"closed","template":"","meta":{"footnotes":""},"class_list":["post-75","page","type-page","status-publish","hentry"],"_links":{"self":[{"href":"https:\/\/toutuncinemer.fr\/index.php?rest_route=\/wp\/v2\/pages\/75","targetHints":{"allow":["GET"]}}],"collection":[{"href":"https:\/\/toutuncinemer.fr\/index.php?rest_route=\/wp\/v2\/pages"}],"about":[{"href":"https:\/\/toutuncinemer.fr\/index.php?rest_route=\/wp\/v2\/types\/page"}],"author":[{"embeddable":true,"href":"https:\/\/toutuncinemer.fr\/index.php?rest_route=\/wp\/v2\/users\/1"}],"replies":[{"embeddable":true,"href":"https:\/\/toutuncinemer.fr\/index.php?rest_route=%2Fwp%2Fv2%2Fcomments&post=75"}],"version-history":[{"count":10,"href":"https:\/\/toutuncinemer.fr\/index.php?rest_route=\/wp\/v2\/pages\/75\/revisions"}],"predecessor-version":[{"id":348,"href":"https:\/\/toutuncinemer.fr\/index.php?rest_route=\/wp\/v2\/pages\/75\/revisions\/348"}],"wp:attachment":[{"href":"https:\/\/toutuncinemer.fr\/index.php?rest_route=%2Fwp%2Fv2%2Fmedia&parent=75"}],"curies":[{"name":"wp","href":"https:\/\/api.w.org\/{rel}","templated":true}]}}